{"id":745,"date":"2020-05-15T09:05:04","date_gmt":"2020-05-15T09:05:04","guid":{"rendered":"https:\/\/www.portofrauma.com\/?page_id=745"},"modified":"2025-10-29T10:03:11","modified_gmt":"2025-10-29T08:03:11","slug":"approved-service-providers","status":"publish","type":"page","link":"https:\/\/portofrauma.com\/en\/services\/terms-for-service-providers\/approved-service-providers\/","title":{"rendered":"Approved service providers"},"content":{"rendered":"\n<p><strong>Bunkering services:<\/strong><\/p>\n\n\n\n<p>Neste Markkinointi Oy<\/p>\n\n\n\n<p>Gasum Oy<\/p>\n\n\n\n<p>Rohe Solutions Oy<\/p>\n\n\n\n<p><strong>Towage services:<\/strong><\/p>\n\n\n\n<p>Alfons H\u00e5kans<\/p>\n\n\n\n<p><strong>Mooring and unmooring service providers<\/strong>:<\/p>\n\n\n\n<p>Botnia Port Service Oy<\/p>\n\n\n\n<p><strong>Waste management service providers<\/strong>:<\/p>\n\n\n\n<p>&nbsp;Domestic waste: Pyh\u00e4j\u00e4rviseudun Ymp\u00e4rist\u00f6huolto Oy<\/p>\n\n\n\n<p>&nbsp;Untreated sewage: PowerVac Oy<\/p>\n\n\n\n<p>Hazardous waste: Pyh\u00e4j\u00e4rviseudun Ymp\u00e4rist\u00f6huolto Oy<\/p>\n\n\n\n<p>Oily waste: PowerVac Oy<\/p>\n","protected":false},"excerpt":{"rendered":"<p>Bunkering services: Neste Markkinointi Oy Gasum Oy Rohe Solutions Oy Towage services: Alfons H\u00e5kans Mooring and unmooring service providers: Botnia Port Service Oy Waste management service providers: &nbsp;Domestic waste: Pyh\u00e4j\u00e4rviseudun Ymp\u00e4rist\u00f6huolto Oy &nbsp;Untreated sewage: PowerVac Oy Hazardous waste: Pyh\u00e4j\u00e4rviseudun Ymp\u00e4rist\u00f6huolto Oy Oily waste: PowerVac Oy<\/p>\n","protected":false},"author":1,"featured_media":729,"parent":740,"menu_order":0,"comment_status":"closed","ping_status":"closed","template":"","meta":{"footnotes":""},"class_list":["post-745","page","type-page","status-publish","has-post-thumbnail","hentry"],"acf":[],"yoast_head":"<!-- This site is optimized with the Yoast SEO plugin v27.3 - https:\/\/yoast.com\/product\/yoast-seo-wordpress\/ -->\n<title>Approved service providers - Portofrauma<\/title>\n<meta name=\"robots\" content=\"index, follow, max-snippet:-1, max-image-preview:large, max-video-preview:-1\" \/>\n<link rel=\"canonical\" href=\"https:\/\/portofrauma.com\/en\/services\/terms-for-service-providers\/approved-service-providers\/\" \/>\n<meta property=\"og:locale\" content=\"en_US\" \/>\n<meta property=\"og:type\" content=\"article\" \/>\n<meta property=\"og:title\" content=\"Approved service providers - Portofrauma\" \/>\n<meta property=\"og:description\" content=\"Bunkering services: Neste Markkinointi Oy Gasum Oy Rohe Solutions Oy Towage services: Alfons H\u00e5kans Mooring and unmooring service providers: Botnia Port Service Oy Waste management service providers: &nbsp;Domestic waste: Pyh\u00e4j\u00e4rviseudun Ymp\u00e4rist\u00f6huolto Oy &nbsp;Untreated sewage: PowerVac Oy Hazardous waste: Pyh\u00e4j\u00e4rviseudun Ymp\u00e4rist\u00f6huolto Oy Oily waste: PowerVac Oy\" \/>\n<meta property=\"og:url\" content=\"https:\/\/portofrauma.com\/en\/services\/terms-for-service-providers\/approved-service-providers\/\" \/>\n<meta property=\"og:site_name\" content=\"Portofrauma\" \/>\n<meta property=\"article:modified_time\" content=\"2025-10-29T08:03:11+00:00\" \/>\n<meta property=\"og:image\" content=\"https:\/\/portofrauma.com\/wp-content\/uploads\/2020\/05\/service-providers.jpg\" \/>\n\t<meta property=\"og:image:width\" content=\"2048\" \/>\n\t<meta property=\"og:image:height\" content=\"700\" \/>\n\t<meta property=\"og:image:type\" content=\"image\/jpeg\" \/>\n<meta name=\"twitter:card\" content=\"summary_large_image\" \/>\n<meta name=\"twitter:label1\" content=\"Est. reading time\" \/>\n\t<meta name=\"twitter:data1\" content=\"1 minute\" \/>\n<script type=\"application\/ld+json\" class=\"yoast-schema-graph\">{\"@context\":\"https:\\\/\\\/schema.org\",\"@graph\":[{\"@type\":\"WebPage\",\"@id\":\"https:\\\/\\\/portofrauma.com\\\/en\\\/services\\\/terms-for-service-providers\\\/approved-service-providers\\\/\",\"url\":\"https:\\\/\\\/portofrauma.com\\\/en\\\/services\\\/terms-for-service-providers\\\/approved-service-providers\\\/\",\"name\":\"Approved service providers - Portofrauma\",\"isPartOf\":{\"@id\":\"https:\\\/\\\/portofrauma.com\\\/en\\\/#website\"},\"primaryImageOfPage\":{\"@id\":\"https:\\\/\\\/portofrauma.com\\\/en\\\/services\\\/terms-for-service-providers\\\/approved-service-providers\\\/#primaryimage\"},\"image\":{\"@id\":\"https:\\\/\\\/portofrauma.com\\\/en\\\/services\\\/terms-for-service-providers\\\/approved-service-providers\\\/#primaryimage\"},\"thumbnailUrl\":\"https:\\\/\\\/portofrauma.com\\\/wp-content\\\/uploads\\\/2020\\\/05\\\/service-providers.jpg\",\"datePublished\":\"2020-05-15T09:05:04+00:00\",\"dateModified\":\"2025-10-29T08:03:11+00:00\",\"breadcrumb\":{\"@id\":\"https:\\\/\\\/portofrauma.com\\\/en\\\/services\\\/terms-for-service-providers\\\/approved-service-providers\\\/#breadcrumb\"},\"inLanguage\":\"en-US\",\"potentialAction\":[{\"@type\":\"ReadAction\",\"target\":[\"https:\\\/\\\/portofrauma.com\\\/en\\\/services\\\/terms-for-service-providers\\\/approved-service-providers\\\/\"]}]},{\"@type\":\"ImageObject\",\"inLanguage\":\"en-US\",\"@id\":\"https:\\\/\\\/portofrauma.com\\\/en\\\/services\\\/terms-for-service-providers\\\/approved-service-providers\\\/#primaryimage\",\"url\":\"https:\\\/\\\/portofrauma.com\\\/wp-content\\\/uploads\\\/2020\\\/05\\\/service-providers.jpg\",\"contentUrl\":\"https:\\\/\\\/portofrauma.com\\\/wp-content\\\/uploads\\\/2020\\\/05\\\/service-providers.jpg\",\"width\":2048,\"height\":700},{\"@type\":\"BreadcrumbList\",\"@id\":\"https:\\\/\\\/portofrauma.com\\\/en\\\/services\\\/terms-for-service-providers\\\/approved-service-providers\\\/#breadcrumb\",\"itemListElement\":[{\"@type\":\"ListItem\",\"position\":1,\"name\":\"Home\",\"item\":\"https:\\\/\\\/portofrauma.com\\\/en\\\/\"},{\"@type\":\"ListItem\",\"position\":2,\"name\":\"Services\",\"item\":\"https:\\\/\\\/portofrauma.com\\\/en\\\/services\\\/\"},{\"@type\":\"ListItem\",\"position\":3,\"name\":\"Terms for service providers\",\"item\":\"https:\\\/\\\/portofrauma.com\\\/en\\\/services\\\/terms-for-service-providers\\\/\"},{\"@type\":\"ListItem\",\"position\":4,\"name\":\"Approved service providers\"}]},{\"@type\":\"WebSite\",\"@id\":\"https:\\\/\\\/portofrauma.com\\\/en\\\/#website\",\"url\":\"https:\\\/\\\/portofrauma.com\\\/en\\\/\",\"name\":\"Portofrauma\",\"description\":\"Just another WordPress site\",\"potentialAction\":[{\"@type\":\"SearchAction\",\"target\":{\"@type\":\"EntryPoint\",\"urlTemplate\":\"https:\\\/\\\/portofrauma.com\\\/en\\\/?s={search_term_string}\"},\"query-input\":{\"@type\":\"PropertyValueSpecification\",\"valueRequired\":true,\"valueName\":\"search_term_string\"}}],\"inLanguage\":\"en-US\"}]}<\/script>\n<!-- \/ Yoast SEO plugin. -->","yoast_head_json":{"title":"Approved service providers - Portofrauma","robots":{"index":"index","follow":"follow","max-snippet":"max-snippet:-1","max-image-preview":"max-image-preview:large","max-video-preview":"max-video-preview:-1"},"canonical":"https:\/\/portofrauma.com\/en\/services\/terms-for-service-providers\/approved-service-providers\/","og_locale":"en_US","og_type":"article","og_title":"Approved service providers - Portofrauma","og_description":"Bunkering services: Neste Markkinointi Oy Gasum Oy Rohe Solutions Oy Towage services: Alfons H\u00e5kans Mooring and unmooring service providers: Botnia Port Service Oy Waste management service providers: &nbsp;Domestic waste: Pyh\u00e4j\u00e4rviseudun Ymp\u00e4rist\u00f6huolto Oy &nbsp;Untreated sewage: PowerVac Oy Hazardous waste: Pyh\u00e4j\u00e4rviseudun Ymp\u00e4rist\u00f6huolto Oy Oily waste: PowerVac Oy","og_url":"https:\/\/portofrauma.com\/en\/services\/terms-for-service-providers\/approved-service-providers\/","og_site_name":"Portofrauma","article_modified_time":"2025-10-29T08:03:11+00:00","og_image":[{"width":2048,"height":700,"url":"https:\/\/portofrauma.com\/wp-content\/uploads\/2020\/05\/service-providers.jpg","type":"image\/jpeg"}],"twitter_card":"summary_large_image","twitter_misc":{"Est. reading time":"1 minute"},"schema":{"@context":"https:\/\/schema.org","@graph":[{"@type":"WebPage","@id":"https:\/\/portofrauma.com\/en\/services\/terms-for-service-providers\/approved-service-providers\/","url":"https:\/\/portofrauma.com\/en\/services\/terms-for-service-providers\/approved-service-providers\/","name":"Approved service providers - Portofrauma","isPartOf":{"@id":"https:\/\/portofrauma.com\/en\/#website"},"primaryImageOfPage":{"@id":"https:\/\/portofrauma.com\/en\/services\/terms-for-service-providers\/approved-service-providers\/#primaryimage"},"image":{"@id":"https:\/\/portofrauma.com\/en\/services\/terms-for-service-providers\/approved-service-providers\/#primaryimage"},"thumbnailUrl":"https:\/\/portofrauma.com\/wp-content\/uploads\/2020\/05\/service-providers.jpg","datePublished":"2020-05-15T09:05:04+00:00","dateModified":"2025-10-29T08:03:11+00:00","breadcrumb":{"@id":"https:\/\/portofrauma.com\/en\/services\/terms-for-service-providers\/approved-service-providers\/#breadcrumb"},"inLanguage":"en-US","potentialAction":[{"@type":"ReadAction","target":["https:\/\/portofrauma.com\/en\/services\/terms-for-service-providers\/approved-service-providers\/"]}]},{"@type":"ImageObject","inLanguage":"en-US","@id":"https:\/\/portofrauma.com\/en\/services\/terms-for-service-providers\/approved-service-providers\/#primaryimage","url":"https:\/\/portofrauma.com\/wp-content\/uploads\/2020\/05\/service-providers.jpg","contentUrl":"https:\/\/portofrauma.com\/wp-content\/uploads\/2020\/05\/service-providers.jpg","width":2048,"height":700},{"@type":"BreadcrumbList","@id":"https:\/\/portofrauma.com\/en\/services\/terms-for-service-providers\/approved-service-providers\/#breadcrumb","itemListElement":[{"@type":"ListItem","position":1,"name":"Home","item":"https:\/\/portofrauma.com\/en\/"},{"@type":"ListItem","position":2,"name":"Services","item":"https:\/\/portofrauma.com\/en\/services\/"},{"@type":"ListItem","position":3,"name":"Terms for service providers","item":"https:\/\/portofrauma.com\/en\/services\/terms-for-service-providers\/"},{"@type":"ListItem","position":4,"name":"Approved service providers"}]},{"@type":"WebSite","@id":"https:\/\/portofrauma.com\/en\/#website","url":"https:\/\/portofrauma.com\/en\/","name":"Portofrauma","description":"Just another WordPress site","potentialAction":[{"@type":"SearchAction","target":{"@type":"EntryPoint","urlTemplate":"https:\/\/portofrauma.com\/en\/?s={search_term_string}"},"query-input":{"@type":"PropertyValueSpecification","valueRequired":true,"valueName":"search_term_string"}}],"inLanguage":"en-US"}]}},"_links":{"self":[{"href":"https:\/\/portofrauma.com\/en\/wp-json\/wp\/v2\/pages\/745","targetHints":{"allow":["GET"]}}],"collection":[{"href":"https:\/\/portofrauma.com\/en\/wp-json\/wp\/v2\/pages"}],"about":[{"href":"https:\/\/portofrauma.com\/en\/wp-json\/wp\/v2\/types\/page"}],"author":[{"embeddable":true,"href":"https:\/\/portofrauma.com\/en\/wp-json\/wp\/v2\/users\/1"}],"replies":[{"embeddable":true,"href":"https:\/\/portofrauma.com\/en\/wp-json\/wp\/v2\/comments?post=745"}],"version-history":[{"count":2,"href":"https:\/\/portofrauma.com\/en\/wp-json\/wp\/v2\/pages\/745\/revisions"}],"predecessor-version":[{"id":5918,"href":"https:\/\/portofrauma.com\/en\/wp-json\/wp\/v2\/pages\/745\/revisions\/5918"}],"up":[{"embeddable":true,"href":"https:\/\/portofrauma.com\/en\/wp-json\/wp\/v2\/pages\/740"}],"wp:featuredmedia":[{"embeddable":true,"href":"https:\/\/portofrauma.com\/en\/wp-json\/wp\/v2\/media\/729"}],"wp:attachment":[{"href":"https:\/\/portofrauma.com\/en\/wp-json\/wp\/v2\/media?parent=745"}],"curies":[{"name":"wp","href":"https:\/\/api.w.org\/{rel}","templated":true}]}}